{"id":4377,"date":"2022-11-01T08:06:17","date_gmt":"2022-11-01T06:06:17","guid":{"rendered":"https:\/\/www.alertacui.ro\/verificare-monitorizare-firme\/?page_id=4377"},"modified":"2024-02-08T15:28:02","modified_gmt":"2024-02-08T13:28:02","slug":"testeaza-gratuit","status":"publish","type":"page","link":"https:\/\/www.alertacui.ro\/verificare-monitorizare-firme\/testeaza-gratuit\/","title":{"rendered":"Testeaz\u0103 gratuit"},"content":{"rendered":"\t\t<div data-elementor-type=\"wp-page\" data-elementor-id=\"4377\" class=\"elementor elementor-4377\" data-elementor-post-type=\"page\">\n\t\t\t\t\t\t<section class=\"elementor-section elementor-top-section elementor-element elementor-element-f61948a elementor-section-stretched elementor-section-content-middle elementor-section-boxed elementor-section-height-default elementor-section-height-default\" data-id=\"f61948a\" data-element_type=\"section\" data-settings=\"{&quot;stretch_section&quot;:&quot;section-stretched&quot;}\">\n\t\t\t\t\t\t<div class=\"elementor-container elementor-column-gap-default\">\n\t\t\t\t\t<div class=\"elementor-column elementor-col-33 elementor-top-column elementor-element elementor-element-e9918f9\" data-id=\"e9918f9\" data-element_type=\"column\">\n\t\t\t<div class=\"elementor-widget-wrap\">\n\t\t\t\t\t\t\t<\/div>\n\t\t<\/div>\n\t\t\t\t<div class=\"elementor-column elementor-col-33 elementor-top-column elementor-element elementor-element-68752e6 elementor-invisible\" data-id=\"68752e6\" data-element_type=\"column\" data-settings=\"{&quot;background_background&quot;:&quot;classic&quot;,&quot;animation&quot;:&quot;fadeInUp&quot;}\">\n\t\t\t<div class=\"elementor-widget-wrap elementor-element-populated\">\n\t\t\t\t\t\t<div class=\"elementor-element elementor-element-5c23fc7 elementor-invisible elementor-widget elementor-widget-image\" data-id=\"5c23fc7\" data-element_type=\"widget\" data-settings=\"{&quot;_animation&quot;:&quot;fadeInDown&quot;}\" data-widget_type=\"image.default\">\n\t\t\t\t<div class=\"elementor-widget-container\">\n\t\t\t\t\t\t\t\t\t\t\t\t\t<img fetchpriority=\"high\" decoding=\"async\" width=\"1080\" height=\"1080\" src=\"https:\/\/www.alertacui.ro\/verificare-monitorizare-firme\/wp-content\/uploads\/2022\/10\/alertacui.ro-vectori-site-monitorizarea-portof-3.png\" class=\"attachment-full size-full wp-image-4194\" alt=\"\" srcset=\"https:\/\/www.alertacui.ro\/verificare-monitorizare-firme\/wp-content\/uploads\/2022\/10\/alertacui.ro-vectori-site-monitorizarea-portof-3.png 1080w, https:\/\/www.alertacui.ro\/verificare-monitorizare-firme\/wp-content\/uploads\/2022\/10\/alertacui.ro-vectori-site-monitorizarea-portof-3-300x300.png 300w, https:\/\/www.alertacui.ro\/verificare-monitorizare-firme\/wp-content\/uploads\/2022\/10\/alertacui.ro-vectori-site-monitorizarea-portof-3-1024x1024.png 1024w, https:\/\/www.alertacui.ro\/verificare-monitorizare-firme\/wp-content\/uploads\/2022\/10\/alertacui.ro-vectori-site-monitorizarea-portof-3-150x150.png 150w, https:\/\/www.alertacui.ro\/verificare-monitorizare-firme\/wp-content\/uploads\/2022\/10\/alertacui.ro-vectori-site-monitorizarea-portof-3-768x768.png 768w, https:\/\/www.alertacui.ro\/verificare-monitorizare-firme\/wp-content\/uploads\/2022\/10\/alertacui.ro-vectori-site-monitorizarea-portof-3-600x600.png 600w, https:\/\/www.alertacui.ro\/verificare-monitorizare-firme\/wp-content\/uploads\/2022\/10\/alertacui.ro-vectori-site-monitorizarea-portof-3-100x100.png 100w\" sizes=\"(max-width: 1080px) 100vw, 1080px\" \/>\t\t\t\t\t\t\t\t\t\t\t\t\t<\/div>\n\t\t\t\t<\/div>\n\t\t\t\t<div class=\"elementor-element elementor-element-044806d elementor-widget elementor-widget-rt-title\" data-id=\"044806d\" data-element_type=\"widget\" data-widget_type=\"rt-title.default\">\n\t\t\t\t<div class=\"elementor-widget-container\">\n\t\t\t<div class=\"section-default-style section-title-style2 center\">\n\t<div class=\"section-title-holder no-animation\">\t\n\t\t<div class=\"translate-bottom-50 opacity-animation transition-50 transition-delay-100\">\n\t\t\t\t\t\t<div class=\"sub-title no-shape\">SALUT<\/div>\n\t\t\t\t\t<\/div>\n\t\t<div class=\"translate-bottom-50 opacity-animation transition-50 transition-delay-600\">\n\t\t\t<h2 class=\"rtin-title\">Vrei s\u0103<span style=\"color:#F1592A\"> testezi\n<\/span> platforma Alert\u0103CUI?<\/h2>\n\t\t<\/div>\n\t\t<div class=\"translate-bottom-50 opacity-animation transition-50 transition-delay-1100\">\n\t\t\t\t\t\t<p class=\"sub-text\">Las\u0103-ne datele tale iar noi te vom contacta \u0219i \u00ee\u021bi vom oferi <b>acces gratuit la aplica\u021bie timp de 30 de zile<\/b>.<\/p>\n\t\t\t\t\t<\/div>\n\t<\/div>\n<\/div>\t\t<\/div>\n\t\t\t\t<\/div>\n\t\t\t\t<div class=\"elementor-element elementor-element-1ceac31 elementor-button-align-stretch elementor-widget elementor-widget-form\" data-id=\"1ceac31\" data-element_type=\"widget\" data-settings=\"{&quot;step_next_label&quot;:&quot;Next&quot;,&quot;step_previous_label&quot;:&quot;Previous&quot;,&quot;step_type&quot;:&quot;number_text&quot;,&quot;step_icon_shape&quot;:&quot;circle&quot;}\" data-widget_type=\"form.default\">\n\t\t\t\t<div class=\"elementor-widget-container\">\n\t\t\t\t\t<form class=\"elementor-form\" method=\"post\" name=\"New Form\">\n\t\t\t<input type=\"hidden\" name=\"post_id\" value=\"4377\"\/>\n\t\t\t<input type=\"hidden\" name=\"form_id\" value=\"1ceac31\"\/>\n\t\t\t<input type=\"hidden\" name=\"referer_title\" value=\"\" \/>\n\n\t\t\t\n\t\t\t<div class=\"elementor-form-fields-wrapper elementor-labels-above\">\n\t\t\t\t\t\t\t\t<div class=\"elementor-field-type-text elementor-field-group elementor-column elementor-field-group-field_e6202b4 elementor-col-50 elementor-field-required elementor-mark-required\">\n\t\t\t\t\t\t\t\t\t\t\t\t<label for=\"form-field-field_e6202b4\" class=\"elementor-field-label\">\n\t\t\t\t\t\t\t\tPrenume\t\t\t\t\t\t\t<\/label>\n\t\t\t\t\t\t\t\t\t\t\t\t\t\t<input size=\"1\" type=\"text\" name=\"form_fields[field_e6202b4]\" id=\"form-field-field_e6202b4\" class=\"elementor-field elementor-size-sm  elementor-field-textual\" placeholder=\"Prenume\" required=\"required\" aria-required=\"true\">\n\t\t\t\t\t\t\t\t\t\t\t<\/div>\n\t\t\t\t\t\t\t\t<div class=\"elementor-field-type-text elementor-field-group elementor-column elementor-field-group-name elementor-col-50 elementor-field-required elementor-mark-required\">\n\t\t\t\t\t\t\t\t\t\t\t\t<label for=\"form-field-name\" class=\"elementor-field-label\">\n\t\t\t\t\t\t\t\tNume\t\t\t\t\t\t\t<\/label>\n\t\t\t\t\t\t\t\t\t\t\t\t\t\t<input size=\"1\" type=\"text\" name=\"form_fields[name]\" id=\"form-field-name\" class=\"elementor-field elementor-size-sm  elementor-field-textual\" placeholder=\"Nume\" required=\"required\" aria-required=\"true\">\n\t\t\t\t\t\t\t\t\t\t\t<\/div>\n\t\t\t\t\t\t\t\t<div class=\"elementor-field-type-email elementor-field-group elementor-column elementor-field-group-email elementor-col-50 elementor-field-required elementor-mark-required\">\n\t\t\t\t\t\t\t\t\t\t\t\t<label for=\"form-field-email\" class=\"elementor-field-label\">\n\t\t\t\t\t\t\t\tEmail\t\t\t\t\t\t\t<\/label>\n\t\t\t\t\t\t\t\t\t\t\t\t\t\t<input size=\"1\" type=\"email\" name=\"form_fields[email]\" id=\"form-field-email\" class=\"elementor-field elementor-size-sm  elementor-field-textual\" placeholder=\"Email\" required=\"required\" aria-required=\"true\">\n\t\t\t\t\t\t\t\t\t\t\t<\/div>\n\t\t\t\t\t\t\t\t<div class=\"elementor-field-type-tel elementor-field-group elementor-column elementor-field-group-telefon elementor-col-50 elementor-field-required elementor-mark-required\">\n\t\t\t\t\t\t\t\t\t\t\t\t<label for=\"form-field-telefon\" class=\"elementor-field-label\">\n\t\t\t\t\t\t\t\tTelefon\t\t\t\t\t\t\t<\/label>\n\t\t\t\t\t\t\t\t<input size=\"1\" type=\"tel\" name=\"form_fields[telefon]\" id=\"form-field-telefon\" class=\"elementor-field elementor-size-sm  elementor-field-textual\" placeholder=\"Telefon\" required=\"required\" aria-required=\"true\" pattern=\"[0-9()#&amp;+*-=.]+\" title=\"Only numbers and phone characters (#, -, *, etc) are accepted.\">\n\n\t\t\t\t\t\t<\/div>\n\t\t\t\t\t\t\t\t<div class=\"elementor-field-type-text elementor-field-group elementor-column elementor-field-group-field_2f7e41a elementor-col-30 elementor-field-required elementor-mark-required\">\n\t\t\t\t\t\t\t\t\t\t\t\t<label for=\"form-field-field_2f7e41a\" class=\"elementor-field-label\">\n\t\t\t\t\t\t\t\tCUI\t\t\t\t\t\t\t<\/label>\n\t\t\t\t\t\t\t\t\t\t\t\t\t\t<input size=\"1\" type=\"text\" name=\"form_fields[field_2f7e41a]\" id=\"form-field-field_2f7e41a\" class=\"elementor-field elementor-size-sm  elementor-field-textual\" placeholder=\"CUI\" required=\"required\" aria-required=\"true\">\n\t\t\t\t\t\t\t\t\t\t\t<\/div>\n\t\t\t\t\t\t\t\t<div class=\"elementor-field-type-textarea elementor-field-group elementor-column elementor-field-group-field_329bad7 elementor-col-70 elementor-field-required elementor-mark-required\">\n\t\t\t\t\t\t\t\t\t\t\t\t<label for=\"form-field-field_329bad7\" class=\"elementor-field-label\">\n\t\t\t\t\t\t\t\tNume firm\u0103\t\t\t\t\t\t\t<\/label>\n\t\t\t\t\t\t<textarea class=\"elementor-field-textual elementor-field  elementor-size-sm\" name=\"form_fields[field_329bad7]\" id=\"form-field-field_329bad7\" rows=\"1\" placeholder=\"Nume firm\u0103\" required=\"required\" aria-required=\"true\"><\/textarea>\t\t\t\t<\/div>\n\t\t\t\t\t\t\t\t<div class=\"elementor-field-type-textarea elementor-field-group elementor-column elementor-field-group-message elementor-col-50\">\n\t\t\t\t\t\t\t\t\t\t\t\t<label for=\"form-field-message\" class=\"elementor-field-label\">\n\t\t\t\t\t\t\t\tFunc\u021bie\t\t\t\t\t\t\t<\/label>\n\t\t\t\t\t\t<textarea class=\"elementor-field-textual elementor-field  elementor-size-sm\" name=\"form_fields[message]\" id=\"form-field-message\" rows=\"1\" placeholder=\"Func\u021bie\"><\/textarea>\t\t\t\t<\/div>\n\t\t\t\t\t\t\t\t<div class=\"elementor-field-type-textarea elementor-field-group elementor-column elementor-field-group-field_0b7cca2 elementor-col-50\">\n\t\t\t\t\t\t\t\t\t\t\t\t<label for=\"form-field-field_0b7cca2\" class=\"elementor-field-label\">\n\t\t\t\t\t\t\t\tDepartament\t\t\t\t\t\t\t<\/label>\n\t\t\t\t\t\t<textarea class=\"elementor-field-textual elementor-field  elementor-size-sm\" name=\"form_fields[field_0b7cca2]\" id=\"form-field-field_0b7cca2\" rows=\"1\" placeholder=\"Departament\"><\/textarea>\t\t\t\t<\/div>\n\t\t\t\t\t\t\t\t<div class=\"elementor-field-type-textarea elementor-field-group elementor-column elementor-field-group-field_1682a66 elementor-col-100\">\n\t\t\t\t\t\t\t\t\t\t\t\t<label for=\"form-field-field_1682a66\" class=\"elementor-field-label\">\n\t\t\t\t\t\t\t\t\u00cen ce scop vei folosi aplica\u021bia?\t\t\t\t\t\t\t<\/label>\n\t\t\t\t\t\t<textarea class=\"elementor-field-textual elementor-field  elementor-size-sm\" name=\"form_fields[field_1682a66]\" id=\"form-field-field_1682a66\" rows=\"4\" placeholder=\"Scrie-ne de ce vrei sa testezi aplica\u021bia iar noi \u00ee\u021bi vom configura contul conform nevoilor tale.\"><\/textarea>\t\t\t\t<\/div>\n\t\t\t\t\t\t\t\t<div class=\"elementor-field-type-acceptance elementor-field-group elementor-column elementor-field-group-field_6439b36 elementor-col-100 elementor-field-required elementor-mark-required\">\n\t\t\t\t\t\t\t<div class=\"elementor-field-subgroup\">\n\t\t\t<span class=\"elementor-field-option\">\n\t\t\t\t<input type=\"checkbox\" name=\"form_fields[field_6439b36]\" id=\"form-field-field_6439b36\" class=\"elementor-field elementor-size-sm  elementor-acceptance-field\" required=\"required\" aria-required=\"true\">\n\t\t\t\t<label for=\"form-field-field_6439b36\">Prin trimiterea acestui mesaj, confirm c\u0103 sunt de acord cu <a href=\"https:\/\/www.alertacui.ro\/verificare-monitorizare-firme\/termeni-si-conditii\/\">Termenii \u0219i condi\u021biile<\/a>, <a href=\"#\">Politica de cookies<a\/> \u0219i<a href=\"https:\/\/www.alertacui.ro\/verificare-monitorizare-firme\/politica-de-confidentialitate\/\"> Politica de confiden\u021bialitate<\/a> \u0219i cu informa\u021biile prezentate \u00een nota de informare legat\u0103 de protec\u021bia datelor cu caracter personal prezentat\u0103 la sec\u021biunea<a href=\"https:\/\/www.alertacui.ro\/verificare-monitorizare-firme\/gdpr\/\"> GDPR<\/a>.<\/label>\t\t\t<\/span>\n\t\t<\/div>\n\t\t\t\t\t\t<\/div>\n\t\t\t\t\t\t\t\t<div class=\"elementor-field-type-acceptance elementor-field-group elementor-column elementor-field-group-field_b93ce64 elementor-col-100 elementor-field-required elementor-mark-required\">\n\t\t\t\t\t\t\t<div class=\"elementor-field-subgroup\">\n\t\t\t<span class=\"elementor-field-option\">\n\t\t\t\t<input type=\"checkbox\" name=\"form_fields[field_b93ce64]\" id=\"form-field-field_b93ce64\" class=\"elementor-field elementor-size-sm  elementor-acceptance-field\" required=\"required\" aria-required=\"true\">\n\t\t\t\t<label for=\"form-field-field_b93ce64\">Declar pe propria r\u0103spundere c\u0103 pot reprezenta interesele companiei mai sus men\u021bionat\u0103 \u00een calitate de angajat sau reprezentant legal acesteia. <\/label>\t\t\t<\/span>\n\t\t<\/div>\n\t\t\t\t\t\t<\/div>\n\t\t\t\t\t\t\t\t<div class=\"elementor-field-group elementor-column elementor-field-type-submit elementor-col-100 e-form__buttons\">\n\t\t\t\t\t<button type=\"submit\" class=\"elementor-button elementor-size-sm\">\n\t\t\t\t\t\t<span >\n\t\t\t\t\t\t\t\t\t\t\t\t\t\t\t<span class=\" elementor-button-icon\">\n\t\t\t\t\t\t\t\t\t\t\t\t\t\t\t\t\t\t\t\t\t\t\t\t\t\t<\/span>\n\t\t\t\t\t\t\t\t\t\t\t\t\t\t\t\t\t\t\t\t\t\t<span class=\"elementor-button-text\">Trimite mesaj<\/span>\n\t\t\t\t\t\t\t\t\t\t\t\t\t<\/span>\n\t\t\t\t\t<\/button>\n\t\t\t\t<\/div>\n\t\t\t<\/div>\n\t\t<\/form>\n\t\t\t\t<\/div>\n\t\t\t\t<\/div>\n\t\t\t\t\t<\/div>\n\t\t<\/div>\n\t\t\t\t<div class=\"elementor-column elementor-col-33 elementor-top-column elementor-element elementor-element-05cde42\" data-id=\"05cde42\" data-element_type=\"column\">\n\t\t\t<div class=\"elementor-widget-wrap\">\n\t\t\t\t\t\t\t<\/div>\n\t\t<\/div>\n\t\t\t\t\t<\/div>\n\t\t<\/section>\n\t\t\t\t<\/div>\n\t\t","protected":false},"excerpt":{"rendered":"<p>SALUT Vrei s\u0103 testezi platforma Alert\u0103CUI? Las\u0103-ne datele tale iar noi te vom contacta \u0219i \u00ee\u021bi vom oferi acces gratuit la aplica\u021bie timp de 30 de zile.<\/p>\n","protected":false},"author":2,"featured_media":0,"parent":0,"menu_order":0,"comment_status":"closed","ping_status":"closed","template":"","meta":{"_monsterinsights_skip_tracking":false,"_monsterinsights_sitenote_active":false,"_monsterinsights_sitenote_note":"","_monsterinsights_sitenote_category":0,"footnotes":""},"_links":{"self":[{"href":"https:\/\/www.alertacui.ro\/verificare-monitorizare-firme\/wp-json\/wp\/v2\/pages\/4377"}],"collection":[{"href":"https:\/\/www.alertacui.ro\/verificare-monitorizare-firme\/wp-json\/wp\/v2\/pages"}],"about":[{"href":"https:\/\/www.alertacui.ro\/verificare-monitorizare-firme\/wp-json\/wp\/v2\/types\/page"}],"author":[{"embeddable":true,"href":"https:\/\/www.alertacui.ro\/verificare-monitorizare-firme\/wp-json\/wp\/v2\/users\/2"}],"replies":[{"embeddable":true,"href":"https:\/\/www.alertacui.ro\/verificare-monitorizare-firme\/wp-json\/wp\/v2\/comments?post=4377"}],"version-history":[{"count":15,"href":"https:\/\/www.alertacui.ro\/verificare-monitorizare-firme\/wp-json\/wp\/v2\/pages\/4377\/revisions"}],"predecessor-version":[{"id":19048,"href":"https:\/\/www.alertacui.ro\/verificare-monitorizare-firme\/wp-json\/wp\/v2\/pages\/4377\/revisions\/19048"}],"wp:attachment":[{"href":"https:\/\/www.alertacui.ro\/verificare-monitorizare-firme\/wp-json\/wp\/v2\/media?parent=4377"}],"curies":[{"name":"wp","href":"https:\/\/api.w.org\/{rel}","templated":true}]}}