{"id":19299,"date":"2025-06-11T17:07:13","date_gmt":"2025-06-11T14:07:13","guid":{"rendered":"https:\/\/www.alertacui.ro\/verificare-monitorizare-firme\/?page_id=19299"},"modified":"2025-06-11T19:19:55","modified_gmt":"2025-06-11T16:19:55","slug":"contact","status":"publish","type":"page","link":"https:\/\/www.alertacui.ro\/verificare-monitorizare-firme\/contact\/","title":{"rendered":"Contact"},"content":{"rendered":"\t\t<div data-elementor-type=\"wp-page\" data-elementor-id=\"19299\" class=\"elementor elementor-19299\" data-elementor-post-type=\"page\">\n\t\t\t\t\t\t<section class=\"elementor-section elementor-top-section elementor-element elementor-element-f61948a elementor-section-stretched elementor-section-content-middle elementor-section-boxed elementor-section-height-default elementor-section-height-default\" data-id=\"f61948a\" data-element_type=\"section\" data-settings=\"{&quot;stretch_section&quot;:&quot;section-stretched&quot;}\">\n\t\t\t\t\t\t<div class=\"elementor-container elementor-column-gap-default\">\n\t\t\t\t\t<div class=\"elementor-column elementor-col-33 elementor-top-column elementor-element elementor-element-aa96641\" data-id=\"aa96641\" data-element_type=\"column\">\n\t\t\t<div class=\"elementor-widget-wrap elementor-element-populated\">\n\t\t\t\t\t\t<div class=\"elementor-element elementor-element-5c23fc7 elementor-invisible elementor-widget elementor-widget-image\" data-id=\"5c23fc7\" data-element_type=\"widget\" data-settings=\"{&quot;_animation&quot;:&quot;fadeInDown&quot;}\" data-widget_type=\"image.default\">\n\t\t\t\t<div class=\"elementor-widget-container\">\n\t\t\t\t\t\t\t\t\t\t\t\t\t<img fetchpriority=\"high\" decoding=\"async\" width=\"1080\" height=\"1080\" src=\"https:\/\/www.alertacui.ro\/verificare-monitorizare-firme\/wp-content\/uploads\/2022\/12\/alertacui.ro-vectori-site-contact-03-1.png\" class=\"attachment-full size-full wp-image-4757\" alt=\"\" srcset=\"https:\/\/www.alertacui.ro\/verificare-monitorizare-firme\/wp-content\/uploads\/2022\/12\/alertacui.ro-vectori-site-contact-03-1.png 1080w, https:\/\/www.alertacui.ro\/verificare-monitorizare-firme\/wp-content\/uploads\/2022\/12\/alertacui.ro-vectori-site-contact-03-1-300x300.png 300w, https:\/\/www.alertacui.ro\/verificare-monitorizare-firme\/wp-content\/uploads\/2022\/12\/alertacui.ro-vectori-site-contact-03-1-1024x1024.png 1024w, https:\/\/www.alertacui.ro\/verificare-monitorizare-firme\/wp-content\/uploads\/2022\/12\/alertacui.ro-vectori-site-contact-03-1-150x150.png 150w, https:\/\/www.alertacui.ro\/verificare-monitorizare-firme\/wp-content\/uploads\/2022\/12\/alertacui.ro-vectori-site-contact-03-1-768x768.png 768w, https:\/\/www.alertacui.ro\/verificare-monitorizare-firme\/wp-content\/uploads\/2022\/12\/alertacui.ro-vectori-site-contact-03-1-600x600.png 600w, https:\/\/www.alertacui.ro\/verificare-monitorizare-firme\/wp-content\/uploads\/2022\/12\/alertacui.ro-vectori-site-contact-03-1-100x100.png 100w\" sizes=\"(max-width: 1080px) 100vw, 1080px\" \/>\t\t\t\t\t\t\t\t\t\t\t\t\t<\/div>\n\t\t\t\t<\/div>\n\t\t\t\t<div class=\"elementor-element elementor-element-439e7f6 elementor-widget elementor-widget-rt-contact-address\" data-id=\"439e7f6\" data-element_type=\"widget\" data-widget_type=\"rt-contact-address.default\">\n\t\t\t\t<div class=\"elementor-widget-container\">\n\t\t\t\n<div class=\"has-animation\">\n\t<div class=\"rtin-address-default light\">\n\t\t<div class=\"rtin-address-info\">\n\t\t\t\t\t\t\t<h2 class=\"rtin-title\">Contact<\/h2>\n\t\t\t\t\t\t\t\t\t\t<div class=\"rtin-address\">\n\t\t\t\t\t\t\t\t\t\t\t<div class=\"rtin-item translate-left-75 opacity-animation transition-150 transition-delay-100\">\n\t\t\t\t\t\t\t\t\t\t\t\t\t\t\t<div class=\"rtin-icon\"><i class=\"flaticon-mail\"><\/i><\/div>\n\t\t\t\t\t\t\t\t<div class=\"rtin-info\"><h3>E-mail<\/h3><a href=\"mailto:info@alertacui.ro\">info@alertacui.ro<\/a><\/div>\n\t\t\t\t\t\t\t\t\t\t\t\t\t<\/div>\n\t\t\t\t\t\t\t\t\t\t\t<div class=\"rtin-item translate-left-75 opacity-animation transition-150 transition-delay-600\">\n\t\t\t\t\t\t\t\t\t\t\t\t\t\t\t<div class=\"rtin-icon\"><i class=\"flaticon-phone\"><\/i><\/div>\n\t\t\t\t\t\t\t\t<div class=\"rtin-info\"><h3>Telefon<\/h3><a href=\"tel:0721.26.53.91\">0721.26.53.91<\/a><\/div>\n\t\t\t\t\t\t\t\t\t\t\t\t\t<\/div>\n\t\t\t\t\t\t\t\t\t\t\t<div class=\"rtin-item translate-left-75 opacity-animation transition-150 transition-delay-1100\">\n\t\t\t\t\t\t\t\t\t\t\t\t\t\t\t<div class=\"rtin-icon\"><i class=\"flaticon-placeholder\"><\/i><\/div>\n\t\t\t\t\t\t\t\t<div class=\"rtin-info\"><h3>Loca\u021bie<\/h3>Bld. Decebal, nr.92, bl. G6, sc. B, ap. 18, Piatra Neam\u021b<\/div>\n\t\t\t\t\t\t\t\t\t\t\t\t\t<\/div>\n\t\t\t\t\t\t\t\t\t<\/div>\n\t\t\t\t\t<\/div>\n\t<\/div>\n<\/div>\t\t<\/div>\n\t\t\t\t<\/div>\n\t\t\t\t\t<\/div>\n\t\t<\/div>\n\t\t\t\t<div class=\"elementor-column elementor-col-66 elementor-top-column elementor-element elementor-element-68752e6 elementor-invisible\" data-id=\"68752e6\" data-element_type=\"column\" data-settings=\"{&quot;background_background&quot;:&quot;classic&quot;,&quot;animation&quot;:&quot;fadeInUp&quot;}\">\n\t\t\t<div class=\"elementor-widget-wrap elementor-element-populated\">\n\t\t\t\t\t\t<div class=\"elementor-element elementor-element-044806d elementor-widget elementor-widget-rt-title\" data-id=\"044806d\" data-element_type=\"widget\" data-widget_type=\"rt-title.default\">\n\t\t\t\t<div class=\"elementor-widget-container\">\n\t\t\t<div class=\"section-default-style section-title-style2 left\">\n\t<div class=\"section-title-holder no-animation\">\t\n\t\t<div class=\"translate-bottom-50 opacity-animation transition-50 transition-delay-100\">\n\t\t\t\t\t\t<div class=\"sub-title no-shape\">SALUT<\/div>\n\t\t\t\t\t<\/div>\n\t\t<div class=\"translate-bottom-50 opacity-animation transition-50 transition-delay-600\">\n\t\t\t<h2 class=\"rtin-title\">Ai nevoie de<span style=\"color:#F1592A\"> informa\u021bii?\n<\/span><\/h2>\n\t\t<\/div>\n\t\t<div class=\"translate-bottom-50 opacity-animation transition-50 transition-delay-1100\">\n\t\t\t\t\t\t<p class=\"sub-text\">Suntem aici ca s\u0103 te ajut\u0103m. Te rug\u0103m s\u0103 ne scrii, complet\u00e2nd formularul de mai jos.<\/p>\n\t\t\t\t\t<\/div>\n\t<\/div>\n<\/div>\t\t<\/div>\n\t\t\t\t<\/div>\n\t\t\t\t<div class=\"elementor-element elementor-element-05a78eb elementor-widget elementor-widget-shortcode\" data-id=\"05a78eb\" data-element_type=\"widget\" data-widget_type=\"shortcode.default\">\n\t\t\t\t<div class=\"elementor-widget-container\">\n\t\t\t\t\t<div class=\"elementor-shortcode\"><\/div>\n\t\t\t\t<\/div>\n\t\t\t\t<\/div>\n\t\t\t\t\t<\/div>\n\t\t<\/div>\n\t\t\t\t\t<\/div>\n\t\t<\/section>\n\t\t\t\t<\/div>\n\t\t","protected":false},"excerpt":{"rendered":"<p>Contact E-mail info@alertacui.ro Telefon 0721.26.53.91 Loca\u021bie Bld. Decebal, nr.92, bl. G6, sc. B, ap. 18, Piatra Neam\u021b SALUT Ai nevoie de informa\u021bii? Suntem aici ca s\u0103 te ajut\u0103m. Te rug\u0103m s\u0103 ne scrii, complet\u00e2nd formularul de mai jos.<\/p>\n","protected":false},"author":7,"featured_media":0,"parent":0,"menu_order":0,"comment_status":"closed","ping_status":"closed","template":"","meta":{"_monsterinsights_skip_tracking":false,"_monsterinsights_sitenote_active":false,"_monsterinsights_sitenote_note":"","_monsterinsights_sitenote_category":0,"footnotes":""},"_links":{"self":[{"href":"https:\/\/www.alertacui.ro\/verificare-monitorizare-firme\/wp-json\/wp\/v2\/pages\/19299"}],"collection":[{"href":"https:\/\/www.alertacui.ro\/verificare-monitorizare-firme\/wp-json\/wp\/v2\/pages"}],"about":[{"href":"https:\/\/www.alertacui.ro\/verificare-monitorizare-firme\/wp-json\/wp\/v2\/types\/page"}],"author":[{"embeddable":true,"href":"https:\/\/www.alertacui.ro\/verificare-monitorizare-firme\/wp-json\/wp\/v2\/users\/7"}],"replies":[{"embeddable":true,"href":"https:\/\/www.alertacui.ro\/verificare-monitorizare-firme\/wp-json\/wp\/v2\/comments?post=19299"}],"version-history":[{"count":23,"href":"https:\/\/www.alertacui.ro\/verificare-monitorizare-firme\/wp-json\/wp\/v2\/pages\/19299\/revisions"}],"predecessor-version":[{"id":19325,"href":"https:\/\/www.alertacui.ro\/verificare-monitorizare-firme\/wp-json\/wp\/v2\/pages\/19299\/revisions\/19325"}],"wp:attachment":[{"href":"https:\/\/www.alertacui.ro\/verificare-monitorizare-firme\/wp-json\/wp\/v2\/media?parent=19299"}],"curies":[{"name":"wp","href":"https:\/\/api.w.org\/{rel}","templated":true}]}}