{"id":1326,"date":"2020-01-23T05:49:34","date_gmt":"2020-01-23T05:49:34","guid":{"rendered":"https:\/\/www.alertacui.ro\/verificare-monitorizare-firme\/?page_id=1326"},"modified":"2024-01-27T22:36:13","modified_gmt":"2024-01-27T20:36:13","slug":"despre-noi","status":"publish","type":"page","link":"https:\/\/www.alertacui.ro\/verificare-monitorizare-firme\/despre-noi\/","title":{"rendered":"Despre noi"},"content":{"rendered":"\t\t<div data-elementor-type=\"wp-page\" data-elementor-id=\"1326\" class=\"elementor elementor-1326\" data-elementor-post-type=\"page\">\n\t\t\t\t\t\t<section class=\"elementor-section elementor-top-section elementor-element elementor-element-c4dc74f elementor-section-boxed elementor-section-height-default elementor-section-height-default\" data-id=\"c4dc74f\" data-element_type=\"section\">\n\t\t\t\t\t\t<div class=\"elementor-container elementor-column-gap-default\">\n\t\t\t\t\t<div class=\"elementor-column elementor-col-100 elementor-top-column elementor-element elementor-element-9c85a5f\" data-id=\"9c85a5f\" data-element_type=\"column\">\n\t\t\t<div class=\"elementor-widget-wrap elementor-element-populated\">\n\t\t\t\t\t\t<div class=\"elementor-element elementor-element-6116b01 elementor-widget elementor-widget-rt-title\" data-id=\"6116b01\" data-element_type=\"widget\" data-widget_type=\"rt-title.default\">\n\t\t\t\t<div class=\"elementor-widget-container\">\n\t\t\t<div class=\"section-default-style section-title-style3\">\n\t<div class=\"section-title-holder no-animation\">\t\n\t\t<div class=\"translate-bottom-50 opacity-animation transition-50 transition-delay-100\">\n\t\t\t<h2 class=\"rtin-title\">Credem c\u0103 toat\u0103 lumea din business trebuie \n<span style=\"color:#F1592A\"> s\u0103 fie informat\u0103 corect \u0219i la timp \n<\/span> <\/h2>\n\t\t<\/div>\n\t\t<div class=\"translate-bottom-50 opacity-animation transition-50 transition-delay-600\">\n\t\t\t\t\t<\/div>\n\t\t<div class=\"translate-bottom-50 opacity-animation transition-50 transition-delay-1100\">\n\t\t\t\t\t\t<p class=\"sub-text\">Noi suntem echipa Alert\u0103CUI \u0219i credem c\u0103 toat\u0103 lumea din mediul de afaceri poate s\u0103 aib\u0103 succes lu\u00e2nd cele mai corecte decizii.\nDe aceea, c\u0103ut\u0103m s\u0103 oferim ce e mai bun pentru clien\u021bii no\u0219tri \u0219i s\u0103 le r\u0103spundem provoc\u0103rilor pe care ni le adreseaz\u0103.\n<\/p>\n\t\t\t\t\t<\/div>\n\t<\/div>\n<\/div>\t\t<\/div>\n\t\t\t\t<\/div>\n\t\t\t\t\t<\/div>\n\t\t<\/div>\n\t\t\t\t\t<\/div>\n\t\t<\/section>\n\t\t\t\t<section class=\"elementor-section elementor-top-section elementor-element elementor-element-23e9c18 elementor-section-stretched elementor-section-content-middle elementor-section-boxed elementor-section-height-default elementor-section-height-default\" data-id=\"23e9c18\" data-element_type=\"section\" data-settings=\"{&quot;stretch_section&quot;:&quot;section-stretched&quot;}\">\n\t\t\t\t\t\t<div class=\"elementor-container elementor-column-gap-default\">\n\t\t\t\t\t<div class=\"elementor-column elementor-col-50 elementor-top-column elementor-element elementor-element-2e2214f\" data-id=\"2e2214f\" data-element_type=\"column\">\n\t\t\t<div class=\"elementor-widget-wrap elementor-element-populated\">\n\t\t\t\t\t\t<div class=\"elementor-element elementor-element-9948938 elementor-widget elementor-widget-image\" data-id=\"9948938\" data-element_type=\"widget\" data-widget_type=\"image.default\">\n\t\t\t\t<div class=\"elementor-widget-container\">\n\t\t\t\t\t\t\t\t\t\t\t\t\t<img fetchpriority=\"high\" decoding=\"async\" width=\"1080\" height=\"1080\" src=\"https:\/\/www.alertacui.ro\/verificare-monitorizare-firme\/wp-content\/uploads\/2022\/11\/alertacui.ro-vectori-site-team.png\" class=\"attachment-full size-full wp-image-4420\" alt=\"\" srcset=\"https:\/\/www.alertacui.ro\/verificare-monitorizare-firme\/wp-content\/uploads\/2022\/11\/alertacui.ro-vectori-site-team.png 1080w, https:\/\/www.alertacui.ro\/verificare-monitorizare-firme\/wp-content\/uploads\/2022\/11\/alertacui.ro-vectori-site-team-300x300.png 300w, https:\/\/www.alertacui.ro\/verificare-monitorizare-firme\/wp-content\/uploads\/2022\/11\/alertacui.ro-vectori-site-team-1024x1024.png 1024w, https:\/\/www.alertacui.ro\/verificare-monitorizare-firme\/wp-content\/uploads\/2022\/11\/alertacui.ro-vectori-site-team-150x150.png 150w, https:\/\/www.alertacui.ro\/verificare-monitorizare-firme\/wp-content\/uploads\/2022\/11\/alertacui.ro-vectori-site-team-768x768.png 768w, https:\/\/www.alertacui.ro\/verificare-monitorizare-firme\/wp-content\/uploads\/2022\/11\/alertacui.ro-vectori-site-team-600x600.png 600w, https:\/\/www.alertacui.ro\/verificare-monitorizare-firme\/wp-content\/uploads\/2022\/11\/alertacui.ro-vectori-site-team-100x100.png 100w\" sizes=\"(max-width: 1080px) 100vw, 1080px\" \/>\t\t\t\t\t\t\t\t\t\t\t\t\t<\/div>\n\t\t\t\t<\/div>\n\t\t\t\t\t<\/div>\n\t\t<\/div>\n\t\t\t\t<div class=\"elementor-column elementor-col-50 elementor-top-column elementor-element elementor-element-e2a7e7d compress-right-side\" data-id=\"e2a7e7d\" data-element_type=\"column\">\n\t\t\t<div class=\"elementor-widget-wrap elementor-element-populated\">\n\t\t\t\t\t\t<div class=\"elementor-element elementor-element-b65caef elementor-widget elementor-widget-rt-text-with-button\" data-id=\"b65caef\" data-element_type=\"widget\" data-widget_type=\"rt-text-with-button.default\">\n\t\t\t\t<div class=\"elementor-widget-container\">\n\t\t\t<div class=\"no-animation\">\n\t<div class=\"section-title-holder no-animation\">\n\t\t<div class=\"title-text-button title-text-style1\">\t\t\n\t\t\t\t\t\t\t\t\t<div class=\"translate-bottom-75 opacity-animation transition-150 transition-delay-500\">\n\t\t\t\t<h2 class=\"rtin-title\">Avem <span style=\"color:#F1592A;font-weight:700\">20 de ani de experien\u021b\u0103<\/span><\/h2>\n\t\t\t<\/div>\n\t\t\t\t\t\t\t\t\t<div class=\"translate-bottom-75 opacity-animation transition-150 transition-delay-1000\">\n\t\t\t\t<div class=\"rtin-content no-shape\"><span class=\"shape-line\"><\/span>Echipa noastr\u0103 are o combina\u021bie de abilit\u0103\u021bi pe care le punem s\u0103 lucreze cu pasiune pentru clien\u021bii no\u0219tri pentru a realiza ceea ce ne-am propus ca misiune: s\u0103 oferim informa\u021bii corecte, la timp, relevante \u0219i ac\u021bionabile.\n<ul>\n \t<li>Dezvoltare IT<\/li>\n \t<li>Dezvoltare baze de date<\/li>\n \t<li>Analiz\u0103 financiar\u0103 \u0219i de risc<\/li>\n \t<li>Creativitate \u0219i inteligen\u021b\u0103<\/li>\n \t<li>Empatie fa\u021b\u0103 de nevoile clien\u021bilor<\/li>\n \t<li>Dorin\u021ba de a \u00eenv\u0103\u021ba<\/li>\n<\/ul><\/div>\n\t\t\t<\/div>\n\t\t\t\t\t\n\t\t\t\t\t<\/div>\n\t<\/div>\n<\/div>\t\t<\/div>\n\t\t\t\t<\/div>\n\t\t\t\t\t<\/div>\n\t\t<\/div>\n\t\t\t\t\t<\/div>\n\t\t<\/section>\n\t\t\t\t<\/div>\n\t\t","protected":false},"excerpt":{"rendered":"<p>Credem c\u0103 toat\u0103 lumea din business trebuie s\u0103 fie informat\u0103 corect \u0219i la timp Noi suntem echipa Alert\u0103CUI \u0219i credem c\u0103 toat\u0103 lumea din mediul de afaceri poate s\u0103 aib\u0103 succes lu\u00e2nd cele mai corecte decizii. De aceea, c\u0103ut\u0103m s\u0103 oferim ce e mai bun pentru clien\u021bii no\u0219tri \u0219i s\u0103 le r\u0103spundem provoc\u0103rilor pe care [&hellip;]<\/p>\n","protected":false},"author":1,"featured_media":0,"parent":0,"menu_order":0,"comment_status":"closed","ping_status":"closed","template":"page-template\/template-fullwidth.php","meta":{"_monsterinsights_skip_tracking":false,"_monsterinsights_sitenote_active":false,"_monsterinsights_sitenote_note":"","_monsterinsights_sitenote_category":0,"footnotes":""},"_links":{"self":[{"href":"https:\/\/www.alertacui.ro\/verificare-monitorizare-firme\/wp-json\/wp\/v2\/pages\/1326"}],"collection":[{"href":"https:\/\/www.alertacui.ro\/verificare-monitorizare-firme\/wp-json\/wp\/v2\/pages"}],"about":[{"href":"https:\/\/www.alertacui.ro\/verificare-monitorizare-firme\/wp-json\/wp\/v2\/types\/page"}],"author":[{"embeddable":true,"href":"https:\/\/www.alertacui.ro\/verificare-monitorizare-firme\/wp-json\/wp\/v2\/users\/1"}],"replies":[{"embeddable":true,"href":"https:\/\/www.alertacui.ro\/verificare-monitorizare-firme\/wp-json\/wp\/v2\/comments?post=1326"}],"version-history":[{"count":6,"href":"https:\/\/www.alertacui.ro\/verificare-monitorizare-firme\/wp-json\/wp\/v2\/pages\/1326\/revisions"}],"predecessor-version":[{"id":18988,"href":"https:\/\/www.alertacui.ro\/verificare-monitorizare-firme\/wp-json\/wp\/v2\/pages\/1326\/revisions\/18988"}],"wp:attachment":[{"href":"https:\/\/www.alertacui.ro\/verificare-monitorizare-firme\/wp-json\/wp\/v2\/media?parent=1326"}],"curies":[{"name":"wp","href":"https:\/\/api.w.org\/{rel}","templated":true}]}}