{"id":5147,"date":"2020-01-02T06:17:00","date_gmt":"2020-01-02T04:17:00","guid":{"rendered":"https:\/\/www.alertacui.ro\/verificare-monitorizare-firme\/contact\/"},"modified":"2025-06-11T19:21:18","modified_gmt":"2025-06-11T16:21:18","slug":"contacteaza-ne","status":"publish","type":"page","link":"https:\/\/www.alertacui.ro\/verificare-monitorizare-firme\/en\/contacteaza-ne\/","title":{"rendered":"Contacteaz\u0103-ne"},"content":{"rendered":"\t\t<div data-elementor-type=\"wp-page\" data-elementor-id=\"5147\" class=\"elementor elementor-5147\" data-elementor-post-type=\"page\">\n\t\t\t\t\t\t<section class=\"elementor-section elementor-top-section elementor-element elementor-element-f61948a elementor-section-stretched elementor-section-content-middle elementor-section-boxed elementor-section-height-default elementor-section-height-default\" data-id=\"f61948a\" data-element_type=\"section\" data-settings=\"{&quot;stretch_section&quot;:&quot;section-stretched&quot;}\">\n\t\t\t\t\t\t<div class=\"elementor-container elementor-column-gap-default\">\n\t\t\t\t\t<div class=\"elementor-column elementor-col-33 elementor-top-column elementor-element elementor-element-aa96641\" data-id=\"aa96641\" data-element_type=\"column\">\n\t\t\t<div class=\"elementor-widget-wrap elementor-element-populated\">\n\t\t\t\t\t\t<div class=\"elementor-element elementor-element-5c23fc7 elementor-invisible elementor-widget elementor-widget-image\" data-id=\"5c23fc7\" data-element_type=\"widget\" data-settings=\"{&quot;_animation&quot;:&quot;fadeInDown&quot;}\" data-widget_type=\"image.default\">\n\t\t\t\t<div class=\"elementor-widget-container\">\n\t\t\t\t\t\t\t\t\t\t\t\t\t<img fetchpriority=\"high\" decoding=\"async\" width=\"1080\" height=\"1080\" src=\"https:\/\/www.alertacui.ro\/verificare-monitorizare-firme\/wp-content\/uploads\/2022\/12\/alertacui.ro-vectori-site-contact-03-1.png\" class=\"attachment-full size-full wp-image-4757\" alt=\"\" srcset=\"https:\/\/www.alertacui.ro\/verificare-monitorizare-firme\/wp-content\/uploads\/2022\/12\/alertacui.ro-vectori-site-contact-03-1.png 1080w, https:\/\/www.alertacui.ro\/verificare-monitorizare-firme\/wp-content\/uploads\/2022\/12\/alertacui.ro-vectori-site-contact-03-1-300x300.png 300w, https:\/\/www.alertacui.ro\/verificare-monitorizare-firme\/wp-content\/uploads\/2022\/12\/alertacui.ro-vectori-site-contact-03-1-1024x1024.png 1024w, https:\/\/www.alertacui.ro\/verificare-monitorizare-firme\/wp-content\/uploads\/2022\/12\/alertacui.ro-vectori-site-contact-03-1-150x150.png 150w, https:\/\/www.alertacui.ro\/verificare-monitorizare-firme\/wp-content\/uploads\/2022\/12\/alertacui.ro-vectori-site-contact-03-1-768x768.png 768w, https:\/\/www.alertacui.ro\/verificare-monitorizare-firme\/wp-content\/uploads\/2022\/12\/alertacui.ro-vectori-site-contact-03-1-600x600.png 600w, https:\/\/www.alertacui.ro\/verificare-monitorizare-firme\/wp-content\/uploads\/2022\/12\/alertacui.ro-vectori-site-contact-03-1-100x100.png 100w\" sizes=\"(max-width: 1080px) 100vw, 1080px\" \/>\t\t\t\t\t\t\t\t\t\t\t\t\t<\/div>\n\t\t\t\t<\/div>\n\t\t\t\t<div class=\"elementor-element elementor-element-439e7f6 elementor-widget elementor-widget-rt-contact-address\" data-id=\"439e7f6\" data-element_type=\"widget\" data-widget_type=\"rt-contact-address.default\">\n\t\t\t\t<div class=\"elementor-widget-container\">\n\t\t\t\n<div class=\"has-animation\">\n\t<div class=\"rtin-address-default light\">\n\t\t<div class=\"rtin-address-info\">\n\t\t\t\t\t\t\t<h2 class=\"rtin-title\">Contact<\/h2>\n\t\t\t\t\t\t\t\t\t\t<div class=\"rtin-address\">\n\t\t\t\t\t\t\t\t\t\t\t<div class=\"rtin-item translate-left-75 opacity-animation transition-150 transition-delay-100\">\n\t\t\t\t\t\t\t\t\t\t\t\t\t\t\t<div class=\"rtin-icon\"><i class=\"flaticon-mail\"><\/i><\/div>\n\t\t\t\t\t\t\t\t<div class=\"rtin-info\"><h3>E-mail<\/h3><a href=\"mailto:info@alertacui.ro\">info@alertacui.ro<\/a><\/div>\n\t\t\t\t\t\t\t\t\t\t\t\t\t<\/div>\n\t\t\t\t\t\t\t\t\t\t\t<div class=\"rtin-item translate-left-75 opacity-animation transition-150 transition-delay-600\">\n\t\t\t\t\t\t\t\t\t\t\t\t\t\t\t<div class=\"rtin-icon\"><i class=\"flaticon-phone\"><\/i><\/div>\n\t\t\t\t\t\t\t\t<div class=\"rtin-info\"><h3>Telefon<\/h3><a href=\"tel:0721.26.53.91\">0721.26.53.91<\/a><\/div>\n\t\t\t\t\t\t\t\t\t\t\t\t\t<\/div>\n\t\t\t\t\t\t\t\t\t\t\t<div class=\"rtin-item translate-left-75 opacity-animation transition-150 transition-delay-1100\">\n\t\t\t\t\t\t\t\t\t\t\t\t\t\t\t<div class=\"rtin-icon\"><i class=\"flaticon-placeholder\"><\/i><\/div>\n\t\t\t\t\t\t\t\t<div class=\"rtin-info\"><h3>Loca\u021bie<\/h3>Bld. Decebal, nr.92, bl. G6, sc. B, ap. 18, Piatra Neam\u021b<\/div>\n\t\t\t\t\t\t\t\t\t\t\t\t\t<\/div>\n\t\t\t\t\t\t\t\t\t<\/div>\n\t\t\t\t\t<\/div>\n\t<\/div>\n<\/div>\t\t<\/div>\n\t\t\t\t<\/div>\n\t\t\t\t\t<\/div>\n\t\t<\/div>\n\t\t\t\t<div class=\"elementor-column elementor-col-66 elementor-top-column elementor-element elementor-element-68752e6 elementor-invisible\" data-id=\"68752e6\" data-element_type=\"column\" data-settings=\"{&quot;background_background&quot;:&quot;classic&quot;,&quot;animation&quot;:&quot;fadeInUp&quot;}\">\n\t\t\t<div class=\"elementor-widget-wrap elementor-element-populated\">\n\t\t\t\t\t\t<div class=\"elementor-element elementor-element-044806d elementor-widget elementor-widget-rt-title\" data-id=\"044806d\" data-element_type=\"widget\" data-widget_type=\"rt-title.default\">\n\t\t\t\t<div class=\"elementor-widget-container\">\n\t\t\t<div class=\"section-default-style section-title-style2 left\">\n\t<div class=\"section-title-holder no-animation\">\t\n\t\t<div class=\"translate-bottom-50 opacity-animation transition-50 transition-delay-100\">\n\t\t\t\t\t\t<div class=\"sub-title no-shape\">SALUT<\/div>\n\t\t\t\t\t<\/div>\n\t\t<div class=\"translate-bottom-50 opacity-animation transition-50 transition-delay-600\">\n\t\t\t<h2 class=\"rtin-title\">Ai nevoie de<span style=\"color:#F1592A\"> informa\u021bii?\n<\/span><\/h2>\n\t\t<\/div>\n\t\t<div class=\"translate-bottom-50 opacity-animation transition-50 transition-delay-1100\">\n\t\t\t\t\t\t<p class=\"sub-text\">Suntem aici ca s\u0103 te ajut\u0103m. Te rug\u0103m s\u0103 ne scrii, complet\u00e2nd formularul de mai jos.<\/p>\n\t\t\t\t\t<\/div>\n\t<\/div>\n<\/div>\t\t<\/div>\n\t\t\t\t<\/div>\n\t\t\t\t<div class=\"elementor-element elementor-element-1ceac31 elementor-button-align-stretch elementor-widget elementor-widget-form\" data-id=\"1ceac31\" data-element_type=\"widget\" data-settings=\"{&quot;step_next_label&quot;:&quot;Next&quot;,&quot;step_previous_label&quot;:&quot;Previous&quot;,&quot;step_type&quot;:&quot;number_text&quot;,&quot;step_icon_shape&quot;:&quot;circle&quot;}\" data-widget_type=\"form.default\">\n\t\t\t\t<div class=\"elementor-widget-container\">\n\t\t\t\t\t<form class=\"elementor-form\" method=\"post\" name=\"Contact\">\n\t\t\t<input type=\"hidden\" name=\"post_id\" value=\"5147\"\/>\n\t\t\t<input type=\"hidden\" name=\"form_id\" value=\"1ceac31\"\/>\n\t\t\t<input type=\"hidden\" name=\"referer_title\" value=\"\" \/>\n\n\t\t\t\n\t\t\t<div class=\"elementor-form-fields-wrapper elementor-labels-above\">\n\t\t\t\t\t\t\t\t<div class=\"elementor-field-type-text elementor-field-group elementor-column elementor-field-group-prenume elementor-col-50 elementor-field-required elementor-mark-required\">\n\t\t\t\t\t\t\t\t\t\t\t\t<label for=\"form-field-prenume\" class=\"elementor-field-label\">\n\t\t\t\t\t\t\t\tPrenume\t\t\t\t\t\t\t<\/label>\n\t\t\t\t\t\t\t\t\t\t\t\t\t\t<input size=\"1\" type=\"text\" name=\"form_fields[prenume]\" id=\"form-field-prenume\" class=\"elementor-field elementor-size-sm  elementor-field-textual\" placeholder=\"Prenume\" required=\"required\" aria-required=\"true\">\n\t\t\t\t\t\t\t\t\t\t\t<\/div>\n\t\t\t\t\t\t\t\t<div class=\"elementor-field-type-text elementor-field-group elementor-column elementor-field-group-field_05d69a2 elementor-col-50 elementor-field-required elementor-mark-required\">\n\t\t\t\t\t\t\t\t\t\t\t\t<label for=\"form-field-field_05d69a2\" class=\"elementor-field-label\">\n\t\t\t\t\t\t\t\tNume\t\t\t\t\t\t\t<\/label>\n\t\t\t\t\t\t\t\t\t\t\t\t\t\t<input size=\"1\" type=\"text\" name=\"form_fields[field_05d69a2]\" id=\"form-field-field_05d69a2\" class=\"elementor-field elementor-size-sm  elementor-field-textual\" placeholder=\"Nume\" required=\"required\" aria-required=\"true\">\n\t\t\t\t\t\t\t\t\t\t\t<\/div>\n\t\t\t\t\t\t\t\t<div class=\"elementor-field-type-email elementor-field-group elementor-column elementor-field-group-email elementor-col-50 elementor-field-required elementor-mark-required\">\n\t\t\t\t\t\t\t\t\t\t\t\t<label for=\"form-field-email\" class=\"elementor-field-label\">\n\t\t\t\t\t\t\t\tEmail\t\t\t\t\t\t\t<\/label>\n\t\t\t\t\t\t\t\t\t\t\t\t\t\t<input size=\"1\" type=\"email\" name=\"form_fields[email]\" id=\"form-field-email\" class=\"elementor-field elementor-size-sm  elementor-field-textual\" placeholder=\"Email\" required=\"required\" aria-required=\"true\">\n\t\t\t\t\t\t\t\t\t\t\t<\/div>\n\t\t\t\t\t\t\t\t<div class=\"elementor-field-type-tel elementor-field-group elementor-column elementor-field-group-telefon elementor-col-50\">\n\t\t\t\t\t\t\t\t\t\t\t\t<label for=\"form-field-telefon\" class=\"elementor-field-label\">\n\t\t\t\t\t\t\t\tTelefon\t\t\t\t\t\t\t<\/label>\n\t\t\t\t\t\t\t\t<input size=\"1\" type=\"tel\" name=\"form_fields[telefon]\" id=\"form-field-telefon\" class=\"elementor-field elementor-size-sm  elementor-field-textual\" placeholder=\"Telefon\" pattern=\"[0-9()#&amp;+*-=.]+\" title=\"Only numbers and phone characters (#, -, *, etc) are accepted.\">\n\n\t\t\t\t\t\t<\/div>\n\t\t\t\t\t\t\t\t<div class=\"elementor-field-type-textarea elementor-field-group elementor-column elementor-field-group-message elementor-col-100\">\n\t\t\t\t\t\t\t\t\t\t\t\t<label for=\"form-field-message\" class=\"elementor-field-label\">\n\t\t\t\t\t\t\t\tMesaj\t\t\t\t\t\t\t<\/label>\n\t\t\t\t\t\t<textarea class=\"elementor-field-textual elementor-field  elementor-size-sm\" name=\"form_fields[message]\" id=\"form-field-message\" rows=\"4\" placeholder=\"Mesaj\"><\/textarea>\t\t\t\t<\/div>\n\t\t\t\t\t\t\t\t<div class=\"elementor-field-type-acceptance elementor-field-group elementor-column elementor-field-group-field_4968a66 elementor-col-100 elementor-field-required elementor-mark-required\">\n\t\t\t\t\t\t\t<div class=\"elementor-field-subgroup\">\n\t\t\t<span class=\"elementor-field-option\">\n\t\t\t\t<input type=\"checkbox\" name=\"form_fields[field_4968a66]\" id=\"form-field-field_4968a66\" class=\"elementor-field elementor-size-sm  elementor-acceptance-field\" required=\"required\" aria-required=\"true\">\n\t\t\t\t<label for=\"form-field-field_4968a66\">Prin trimiterea acestui mesaj, confirm c\u0103 sunt de acord cu <a href=\"https:\/\/www.alertacui.ro\/verificare-monitorizare-firme\/termeni-si-conditii\/\">Termenii \u0219i condi\u021biile<\/a> \u0219i<a href=\"https:\/\/www.alertacui.ro\/verificare-monitorizare-firme\/politica-de-confidentialitate\/\"> Politica de confiden\u021bialitate<\/a> \u0219i cu informa\u021biile prezentate \u00een nota de informare legat\u0103 de protec\u021bia datelor cu caracter personal prezentat\u0103 la sec\u021biunea<a href=\"https:\/\/www.alertacui.ro\/verificare-monitorizare-firme\/gdpr\/\"> GDPR<\/a>.<\/label>\t\t\t<\/span>\n\t\t<\/div>\n\t\t\t\t\t\t<\/div>\n\t\t\t\t\t\t\t\t<div class=\"elementor-field-type-acceptance elementor-field-group elementor-column elementor-field-group-field_f9bb272 elementor-col-100\">\n\t\t\t\t\t\t\t<div class=\"elementor-field-subgroup\">\n\t\t\t<span class=\"elementor-field-option\">\n\t\t\t\t<input type=\"checkbox\" name=\"form_fields[field_f9bb272]\" id=\"form-field-field_f9bb272\" class=\"elementor-field elementor-size-sm  elementor-acceptance-field\">\n\t\t\t\t<label for=\"form-field-field_f9bb272\">Sunt de acord cu folosirea e-mailului pentru inform\u0103ri periodice, marketing, publicitate. Informa\u021biile furnizate nu vor fi transferate c\u0103tre alte entit\u0103\u021bi.<\/label>\t\t\t<\/span>\n\t\t<\/div>\n\t\t\t\t\t\t<\/div>\n\t\t\t\t\t\t\t\t<div class=\"elementor-field-type-text\">\n\t\t\t\t\t<input size=\"1\" type=\"text\" name=\"form_fields[field_f9075e5]\" id=\"form-field-field_f9075e5\" class=\"elementor-field elementor-size-sm \" style=\"display:none !important;\">\t\t\t\t<\/div>\n\t\t\t\t\t\t\t\t<div class=\"elementor-field-group elementor-column elementor-field-type-submit elementor-col-100 e-form__buttons\">\n\t\t\t\t\t<button type=\"submit\" class=\"elementor-button elementor-size-sm\">\n\t\t\t\t\t\t<span >\n\t\t\t\t\t\t\t\t\t\t\t\t\t\t\t<span class=\" elementor-button-icon\">\n\t\t\t\t\t\t\t\t\t\t\t\t\t\t\t\t\t\t\t\t\t\t\t\t\t\t<\/span>\n\t\t\t\t\t\t\t\t\t\t\t\t\t\t\t\t\t\t\t\t\t\t<span class=\"elementor-button-text\">Trimite mesaj<\/span>\n\t\t\t\t\t\t\t\t\t\t\t\t\t<\/span>\n\t\t\t\t\t<\/button>\n\t\t\t\t<\/div>\n\t\t\t<\/div>\n\t\t<\/form>\n\t\t\t\t<\/div>\n\t\t\t\t<\/div>\n\t\t\t\t\t<\/div>\n\t\t<\/div>\n\t\t\t\t\t<\/div>\n\t\t<\/section>\n\t\t\t\t<\/div>\n\t\t","protected":false},"excerpt":{"rendered":"<p>Contact E-mail info@alertacui.ro Telefon 0721.26.53.91 Loca\u021bie Bld. Decebal, nr.92, bl. G6, sc. B, ap. 18, Piatra Neam\u021b SALUT Ai nevoie de informa\u021bii? Suntem aici ca s\u0103 te ajut\u0103m. Te rug\u0103m s\u0103 ne scrii, complet\u00e2nd formularul de mai jos.<\/p>\n","protected":false},"author":1,"featured_media":0,"parent":0,"menu_order":0,"comment_status":"closed","ping_status":"closed","template":"","meta":{"_monsterinsights_skip_tracking":false,"_monsterinsights_sitenote_active":false,"_monsterinsights_sitenote_note":"","_monsterinsights_sitenote_category":0,"footnotes":""},"_links":{"self":[{"href":"https:\/\/www.alertacui.ro\/verificare-monitorizare-firme\/en\/wp-json\/wp\/v2\/pages\/5147"}],"collection":[{"href":"https:\/\/www.alertacui.ro\/verificare-monitorizare-firme\/en\/wp-json\/wp\/v2\/pages"}],"about":[{"href":"https:\/\/www.alertacui.ro\/verificare-monitorizare-firme\/en\/wp-json\/wp\/v2\/types\/page"}],"author":[{"embeddable":true,"href":"https:\/\/www.alertacui.ro\/verificare-monitorizare-firme\/en\/wp-json\/wp\/v2\/users\/1"}],"replies":[{"embeddable":true,"href":"https:\/\/www.alertacui.ro\/verificare-monitorizare-firme\/en\/wp-json\/wp\/v2\/comments?post=5147"}],"version-history":[{"count":44,"href":"https:\/\/www.alertacui.ro\/verificare-monitorizare-firme\/en\/wp-json\/wp\/v2\/pages\/5147\/revisions"}],"predecessor-version":[{"id":19326,"href":"https:\/\/www.alertacui.ro\/verificare-monitorizare-firme\/en\/wp-json\/wp\/v2\/pages\/5147\/revisions\/19326"}],"wp:attachment":[{"href":"https:\/\/www.alertacui.ro\/verificare-monitorizare-firme\/en\/wp-json\/wp\/v2\/media?parent=5147"}],"curies":[{"name":"wp","href":"https:\/\/api.w.org\/{rel}","templated":true}]}}