{"id":5141,"date":"2021-06-22T07:36:14","date_gmt":"2021-06-22T04:36:14","guid":{"rendered":"https:\/\/www.alertacui.ro\/verificare-monitorizare-firme\/politica-de-confidentialitate\/"},"modified":"2025-06-11T23:22:59","modified_gmt":"2025-06-11T20:22:59","slug":"politica-de-confidentialitate","status":"publish","type":"page","link":"https:\/\/www.alertacui.ro\/verificare-monitorizare-firme\/en\/politica-de-confidentialitate\/","title":{"rendered":"Politica de confiden\u021bialitate"},"content":{"rendered":"\t\t<div data-elementor-type=\"wp-page\" data-elementor-id=\"5141\" class=\"elementor elementor-5141\" data-elementor-post-type=\"page\">\n\t\t\t\t\t\t<section class=\"elementor-section elementor-top-section elementor-element elementor-element-1743104 elementor-section-boxed elementor-section-height-default elementor-section-height-default\" data-id=\"1743104\" data-element_type=\"section\">\n\t\t\t\t\t\t<div class=\"elementor-container elementor-column-gap-default\">\n\t\t\t\t\t<div class=\"elementor-column elementor-col-100 elementor-top-column elementor-element elementor-element-f69f263\" data-id=\"f69f263\" data-element_type=\"column\">\n\t\t\t<div class=\"elementor-widget-wrap elementor-element-populated\">\n\t\t\t\t\t\t<div class=\"elementor-element elementor-element-abf2d69 elementor-widget elementor-widget-text-editor\" data-id=\"abf2d69\" data-element_type=\"widget\" data-widget_type=\"text-editor.default\">\n\t\t\t\t<div class=\"elementor-widget-container\">\n\t\t\t\t\t\t\t<h6><span style=\"color: var( --e-global-color-secondary ); font-family: Poppins, sans-serif; font-size: 34px; background-color: transparent;\">Scop<\/span><\/h6>\n<p>Aceast\u0103 politic\u0103 de confiden\u021bialitate te informeaz\u0103 despre informa\u021biile pe care le colect\u0103m de la tine atunci c\u00e2nd utilizezi site-ul nostru. \u00cen colectarea acestor informa\u021bii, noi ac\u021bion\u0103m \u00een calitate de operator de date personale \u0219i, prin lege, suntem obliga\u021bi s\u0103 \u00ee\u021bi furniz\u0103m informa\u021bii despre noi, despre scopul \u0219i modul \u00een care folosim datele tale \u0219i despre drepturile pe care le ai asupra datelor tale cu caracter personal.<\/p>\n<p>Scopul prelucr\u0103rii datelor tale cu caracter personal pe site-ul nostru \u00eel reprezint\u0103 stabilirea unei comunic\u0103ri directe \u0219i corecte cu cei interesa\u021bi de serviciile pe care le oferim \u2013de preluare din surse publice, prelucrare, afi\u0219are \u0219i &nbsp;monitorizare a informa\u021biilor juridice \u0219i economice privind persoanele juridice \u0219i al\u021bi profesioni\u0219ti.<\/p>\n<h2>Cine suntem noi?<\/h2>\n<p><strong>SC GAMAGIM SRL <\/strong>are \u00een proprietate \u0219i administreaz\u0103 domeniul AlertaCUI \u2013 <strong><a href=\"http:\/\/www.alertacui.ro\">www.alertacui.ro<\/a> <\/strong>(numit \u00een continuare site-ul), cu urm\u0103toarele date de identificare \u0219i contact:<\/p>\n<p><strong>Date identificare juridic\u0103 \u0219i fiscal\u0103:<\/strong><\/p>\n<p><strong>Adres\u0103:<\/strong> Bld. Decebal, nr.92, bl. G6, sc. B, ap. 18, Piatra Neam\u021b<\/p>\n<p><strong>Date contact:<\/strong> info@alertacui.ro, (+40) 721 26.53.91<\/p>\n<h2>Cum folosim informa\u021biile tale?<\/h2>\n<p>Av\u00e2nd \u00een vedere c\u0103 serviciile noastre se adreseaz\u0103 \u00een principal companiilor care doresc s\u0103 <strong>analizeze, evalueze <\/strong><strong>\u0219i s\u0103 <\/strong><strong>monitorizeze datele persoanelor juridice (clien\u021bi, prospec\u021bi, furnizori, concuren\u021bi, parteneri etc, \u00een subsidiar colect\u0103m date ale utilizatorilor site-ului <a href=\"http:\/\/www.alertacui.ro\">www.alertacui.ro<\/a> \u0219i produselor adiacente acestuia (API, studii de sector, selec\u021bii de date companii etc.). <\/strong><\/p>\n<p>Atunci c\u00e2nd utilizezi site-ul nostru pentru a c\u0103uta serviciile noastre \u0219i pentru a vizualiza informa\u021biile pe care le public\u0103m \u00een cadrul acestui mediu online, un num\u0103r de cookie-uri (mai multe informa\u021bii g\u0103se\u0219ti <a href=\"https:\/\/ro.wikipedia.org\/wiki\/Cookie\"><strong>aici<\/strong><\/a>), sunt utilizate de noi (cookies first party) \u0219i de ter\u021be p\u0103r\u021bi (cookies third party) pentru a permite func\u021bionarea site-ului, pentru a colecta informa\u021bii utile despre vizitatori \u0219i pentru a-\u021bi oferi o experien\u021b\u0103 c\u00e2t mai calitativ\u0103 \u00een utilizarea site-ului nostru.<br>Unele dintre cookie-urile pe care le folosim sunt strict necesare pentru ca site-ul nostru s\u0103 func\u021bioneze \u0219i nu \u00ee\u021bi cerem consim\u021b\u0103m\u00e2ntul de a le introduce \u00een calculatorul t\u0103u. Aceste cookie-uri sunt prezentate mai jos.<\/p><table>\n<tbody>\n<tr>\n<td><i><span style=\"font-weight: 300;\">Numele cookie-ului<\/span><\/i><\/td>\n<td><i><span style=\"font-weight: 300;\">Informa\u021bii suplimentare<\/span><\/i><\/td>\n<\/tr>\n<tr>\n<td><span style=\"font-weight: 300;\">APP_LOGIN_ID<\/span><\/td>\n<td>\n<span style=\"font-weight: 300;\">Autentificarea cererilor f\u0103cute \u00een aplica\u021bia web \u0219i men\u021binerea sesiunii active.<\/span>\n<\/td>\n<\/tr>\n<\/tbody>\n<\/table><p>C\u00e2nd trimi\u021bi o solicitare prin intermediul site-ului nostru, datele personale pe care \u021bi le solicit\u0103m constau \u00een numele, num\u0103rul de telefon \u0219i adresa ta de e-mail. Nu partaj\u0103m aceste date cu ter\u021bi; acces la ele poate avea, prin prisma rolului s\u0103u, doar serviciul tehnic care se ocup\u0103 cu construc\u021bia\/ mentenan\u021ba\/ optimizarea site-ului, dar doar \u00een condi\u021bii de garantare a confiden\u021bialit\u0103\u021bii.<\/p>\n<p>Pentru a respecta principiul minimiz\u0103rii instituit prin GDPR, prefer\u0103m s\u0103 ne furniza\u021bi c\u00e2t mai pu\u021bine date din sfera personal\u0103, at\u00e2ta timp c\u00e2t ne pute\u021bi furniza, spre exemplu, date de contact din mediul organiza\u021bional de provenien\u021b\u0103. De asemenea, nu v\u0103 vom solicita niciodat\u0103 date personale nerelevante pentru obiectul eventualei noastre colabor\u0103ri.<\/p>\n<p>Utiliz\u0103m aceste informa\u021bii pentru a r\u0103spunde cererii tale, inclusiv furnizarea de informa\u021bii despre serviciile noastre.<\/p>\n<p>Solicitarea ta este \u00eenregistrat\u0103 \u0219i mai apoi procesat\u0103, dup\u0103 onorare aceasta r\u0103m\u00e2n\u00e2nd stocat\u0103, \u00eempreun\u0103 cu datele pe care ni le furnizezi pe aceast\u0103 cale, \u00een Cloud-ul site-ului pe o perioad\u0103 nedeterminat\u0103 sau p\u00e2n\u0103 vei solicita expres \u0219tergerea acestora. P\u00e2n\u0103 la data \u00eendep\u0103rt\u0103rii datelor tale din sistemul nostru informa\u021bional, consider\u0103m c\u0103 e\u0219ti de acord s\u0103 \u00ee\u021bi mai transmitem, din c\u00e2nd \u00een c\u00e2nd newslettere sau alte informa\u021bii cu privire la serviciile pe care le oferim.<\/p>\n<p>NU folosim informa\u021biile furnizate de tine pentru a lua decizii automate care ar putea s\u0103 te afecteze.<\/p>\n<p>Men\u021binem \u00een format electronic e-mailurile venite din solicit\u0103ri timp de doi ani, dup\u0103 care sunt arhivate \u00een siguran\u021b\u0103 \u0219i p\u0103strate timp de cinci ani, c\u00e2nd le \u0219tergem. \u00cenregistr\u0103rile de tip CRM sunt p\u0103strate timp de trei ani de la ultimul contact cu tine.<\/p>\n<p>E-mail-urile tip\u0103rite sunt p\u0103strate \u00een dosarul comercial al colabor\u0103rii \u00eencheiate, p\u00e2n\u0103 la perimarea cerin\u021bei legale de arhivare sau, \u00een cazul unui litigiu, p\u00e2n\u0103 la finalizarea ac\u021biunilor pe rolul instan\u021bei, \u00een caz c\u0103 acest \u00eenscris se constituie ca probatoriu \u00een dosarul respectiv.<\/p>\n<h2>Comentarii<\/h2>\n<p>C\u00e2nd vizitatorii las\u0103 comentarii pe site, colect\u0103m datele ar\u0103tate \u00een formularele de comentarii, dar \u0219i adresa IP a vizitatorului \u0219i \u0219irul agen\u021bilor utilizator din navigator pentru a ne ajuta la detectarea spamului.<br>Un \u0219ir f\u0103cut anonim (numit \u0219i un hash), creat din adresele tale de email, poate fi furnizat serviciului Gravatar pentru a vedea dac\u0103 \u00eel folose\u0219ti. Politica de confiden\u021bialitate a serviciului Gravatar este disponibil\u0103 <a href=\"https:\/\/automattic.com\/privacy\/\"><strong>aici.<\/strong><\/a> Dup\u0103 aprobarea comentariului, fotografia ta de profil este vizibil\u0103 pentru public l\u00e2ng\u0103 comentariul t\u0103u.<br>Dac\u0103 la\u0219i un comentariu, comentariul \u0219i metadatele lui sunt p\u0103strate pe o perioad\u0103 nedeterminat\u0103. A\u0219a putem recunoa\u0219te \u0219i aproba automat toate comentariile urm\u0103toare \u00een loc s\u0103 le \u021binem \u00eentr-o coad\u0103 pentru moderare.<\/p>\n<h2>Con\u021binut \u00eenglobat de pe alte site-uri web<\/h2>\n<p>Articolele din acest site pot include con\u021binut \u00eenglobat (de exemplu, videouri, imagini, articole etc.). Con\u021binutul \u00eenglobat de pe alte site-uri web se comport\u0103 exact la fel ca \u0219i cum vizitatorii au vizualizat un alt site web.<\/p>\n<p>Aceste site-uri web pot s\u0103 colecteze date despre tine, s\u0103 foloseasc\u0103 cookie-uri, s\u0103 \u00eenglobeze urm\u0103rirea suplimentar\u0103 a ter\u021bilor \u0219i s\u0103-\u021bi monitorizeze interac\u021biunea cu con\u021binutul \u00eenglobat, inclusiv s\u0103-\u021bi urm\u0103reasc\u0103 interac\u021biunea cu con\u021binutul \u00eenglobat dac\u0103 ai un cont \u0219i e\u0219ti autentificat \u00een acel sit web.<\/p>\n<h2>Drepturile tale ca persoan\u0103 vizat\u0103<\/h2>\n<p>Ne po\u021bi \u00eentreba ce informa\u021bii avem despre tine \u0219i ne po\u021bi cere s\u0103 le corect\u0103m dac\u0103 sunt inexacte. Dac\u0103 \u021bi-am solicitat \u0219i ne-ai dat consim\u021b\u0103m\u00e2ntul t\u0103u pentru a procesa datele personale, po\u021bi retrage acest consim\u021b\u0103m\u00e2nt \u00een orice moment.<\/p>\n<p>Iat\u0103 lista complet\u0103 a drepturilor pe care le ai:<\/p>\n<ul>\n<li><strong>Dreptul la informare<\/strong> \u2013 po\u021bi solicita informa\u021bii privind activit\u0103\u021bile de prelucrare a datelor tale personale;<\/li>\n<li><strong>Dreptul la rectificare<\/strong> \u2013 po\u021bi rectifica datele personale inexacte sau le po\u021bi completa;<\/li>\n<li><strong>Dreptul la \u0219tergerea datelor<\/strong> (\u201edreptul de a fi uitat\u201d) \u2013 po\u021bi ob\u021bine \u0219tergerea datelor, in cazul in care prelucrarea acestora nu a fost legal\u0103 sau \u00een alte cazuri prev\u0103zute de lege;<\/li>\n<li><strong>Dreptul la restric\u021bionarea prelucr\u0103rii<\/strong> \u2013 po\u021bi solicita restric\u021bionarea prelucr\u0103rii \u00een cazul \u00een care conte\u0219ti exactitatea datelor, precum \u0219i \u00een alte cazuri prev\u0103zute de lege;<\/li>\n<li><strong>Dreptul de opozi\u021bie<\/strong> \u2013 po\u021bi s\u0103 te opui, \u00een special, prelucrarilor de date care se \u00eentemeiaz\u0103 pe interesul nostru legitim;<\/li>\n<li><strong>Dreptul la portabilitatea datelor<\/strong> \u2013 po\u021bi primi, \u00een anumite condi\u021bii, datele personale pe care ni le-ai furnizat, \u00eentr-un format care poate fi citit automat sau po\u021bi solicita ca respectivele date s\u0103 fie transmise altui operator;<\/li>\n<li><strong>Dreptul de a depune pl\u00e2ngere<\/strong> \u2013 po\u021bi depune plangere fata de modalitatea de prelucrare a datelor personale la Autoritatea Na\u021bional\u0103 de Supraveghere a Prelucr\u0103rii Datelor cu Caracter Personal;<\/li>\n<li><strong>Dreptul de retragere a consim\u021b\u0103m\u00e2ntului<\/strong> \u2013 \u00een cazurile \u00een care prelucrarea se intemeiaza pe consim\u021b\u0103m\u00e2ntul t\u0103u, \u0219i-l po\u021bi retrage oric\u00e2nd, f\u0103r\u0103 instituirea vreunei condi\u021bii. Retragerea consim\u021b\u0103m\u00e2ntului va avea efecte doar pentru viitor, prelucrarea efectuat\u0103 anterior retragerii r\u0103m\u00e2n\u00e2nd \u00een continuare valabil\u0103;<\/li>\n<li><strong>Drepturi suplimentare aferente deciziilor automate:<\/strong> po\u021bi cere \u0219i ob\u021bine interven\u021bia uman\u0103 cu privire la respectiva prelucrare, \u00ee\u021bi po\u021bi exprima propriul punct de vedere cu privire la aceasta si po\u021bi contesta decizia.<\/li>\n<\/ul>\n<p>Pentru a trimite o solicitare privind datele tale personale prin e-mail, po\u0219t\u0103 sau telefon, utiliza\u021bi informa\u021biile de contact furnizate mai sus \u00een sec\u021biunea <strong>Cine suntem noi<\/strong> \u00een aceast\u0103 politic\u0103.<\/p>\n<h2>Dreptul t\u0103u de a depune pl\u00e2ngere<\/h2>\n<p><em>Dac\u0103 ai o pl\u00e2ngere cu privire la utilizarea de c\u0103tre noi a informa\u021biilor tale, am prefera s\u0103 ne contactezi prima oar\u0103 pe noi, pentru a putea remedia \u00een mod amiabil cererea.<\/em><\/p>\n<p>Este dreptul t\u0103u, c\u00e2nd consideri c\u0103 este cazul, s\u0103 contactezi Autoritatea Na\u0163ional\u0103 de Supraveghere a Prelucr\u0103rii Datelor cu Caracter Personal pentru Informa\u021bii prin intermediul site-ului lor la <a href=\"https:\/\/www.dataprotection.ro\/?page=Modele_de_plangere\">www.dataprotection.ro<\/a> sau s\u0103 le scrii la adresa: B-dul G-ral. Gheorghe Magheru 28-30, Sector 1, cod po\u0219tal 010336, Bucure\u0219ti, Romania.<\/p>\n<h2>Actualiz\u0103ri la aceast\u0103 politic\u0103 de confiden\u021bialitate<\/h2>\n<p>Revizuim regulat \u0219i, dac\u0103 este cazul, actualiz\u0103m periodic aceast\u0103 politic\u0103 de confiden\u021bialitate atunci c\u00e2nd intervin modific\u0103ri \u00een urma prest\u0103rii de servicii. Dac\u0103 vrem s\u0103 folosim datele tale personale \u00eentr-un mod pe care nu l-am identificat anterior, te vom contacta pentru a-\u021bi oferi informa\u021bii despre acest lucru \u0219i, dac\u0103 este necesar, pentru a-\u021bi solicita acordul.<\/p>\n<p>Vom actualiza num\u0103rul versiunii \u0219i data acestui document de fiecare dat\u0103 c\u00e2nd acesta este modificat.<\/p>\n<p>Prezenta politica devine opera\u021bional\u0103 din data de&#8230;&#8230;..<\/p>\n<p>&nbsp;<\/p>\t\t\t\t\t\t<\/div>\n\t\t\t\t<\/div>\n\t\t\t\t\t<\/div>\n\t\t<\/div>\n\t\t\t\t\t<\/div>\n\t\t<\/section>\n\t\t\t\t<\/div>\n\t\t","protected":false},"excerpt":{"rendered":"<p>Scop Aceast\u0103 politic\u0103 de confiden\u021bialitate te informeaz\u0103 despre informa\u021biile pe care le colect\u0103m de la tine atunci c\u00e2nd utilizezi site-ul nostru. \u00cen colectarea acestor informa\u021bii, noi ac\u021bion\u0103m \u00een calitate de operator de date personale \u0219i, prin lege, suntem obliga\u021bi s\u0103 \u00ee\u021bi furniz\u0103m informa\u021bii despre noi, despre scopul \u0219i modul \u00een care folosim datele tale \u0219i [&hellip;]<\/p>\n","protected":false},"author":2,"featured_media":0,"parent":0,"menu_order":0,"comment_status":"closed","ping_status":"closed","template":"","meta":{"_monsterinsights_skip_tracking":false,"_monsterinsights_sitenote_active":false,"_monsterinsights_sitenote_note":"","_monsterinsights_sitenote_category":0,"footnotes":""},"_links":{"self":[{"href":"https:\/\/www.alertacui.ro\/verificare-monitorizare-firme\/en\/wp-json\/wp\/v2\/pages\/5141"}],"collection":[{"href":"https:\/\/www.alertacui.ro\/verificare-monitorizare-firme\/en\/wp-json\/wp\/v2\/pages"}],"about":[{"href":"https:\/\/www.alertacui.ro\/verificare-monitorizare-firme\/en\/wp-json\/wp\/v2\/types\/page"}],"author":[{"embeddable":true,"href":"https:\/\/www.alertacui.ro\/verificare-monitorizare-firme\/en\/wp-json\/wp\/v2\/users\/2"}],"replies":[{"embeddable":true,"href":"https:\/\/www.alertacui.ro\/verificare-monitorizare-firme\/en\/wp-json\/wp\/v2\/comments?post=5141"}],"version-history":[{"count":3,"href":"https:\/\/www.alertacui.ro\/verificare-monitorizare-firme\/en\/wp-json\/wp\/v2\/pages\/5141\/revisions"}],"predecessor-version":[{"id":19334,"href":"https:\/\/www.alertacui.ro\/verificare-monitorizare-firme\/en\/wp-json\/wp\/v2\/pages\/5141\/revisions\/19334"}],"wp:attachment":[{"href":"https:\/\/www.alertacui.ro\/verificare-monitorizare-firme\/en\/wp-json\/wp\/v2\/media?parent=5141"}],"curies":[{"name":"wp","href":"https:\/\/api.w.org\/{rel}","templated":true}]}}